{"id":22762,"date":"2026-04-12T22:04:52","date_gmt":"2026-04-12T22:04:52","guid":{"rendered":"https:\/\/suspicious-noether.45-82-121-115.plesk.page\/?page_id=22762"},"modified":"2026-04-12T22:08:38","modified_gmt":"2026-04-12T22:08:38","slug":"impressum","status":"publish","type":"page","link":"https:\/\/suspicious-noether.45-82-121-115.plesk.page\/index.php\/impressum\/","title":{"rendered":"Impressum"},"content":{"rendered":"\t\t<div data-elementor-type=\"wp-page\" data-elementor-id=\"22762\" class=\"elementor elementor-22762\">\n\t\t\t\t<div class=\"elementor-element elementor-element-8048f56 e-flex e-con-boxed wpr-particle-no wpr-jarallax-no wpr-parallax-no wpr-sticky-section-no e-con e-parent\" data-id=\"8048f56\" data-element_type=\"container\" data-e-type=\"container\" data-settings=\"{&quot;background_background&quot;:&quot;classic&quot;}\">\n\t\t\t\t\t<div class=\"e-con-inner\">\n\t\t\t\t<div class=\"elementor-element elementor-element-dff2926 elementor-widget elementor-widget-spacer\" data-id=\"dff2926\" data-element_type=\"widget\" data-e-type=\"widget\" data-widget_type=\"spacer.default\">\n\t\t\t\t\t\t\t<div class=\"elementor-spacer\">\n\t\t\t<div class=\"elementor-spacer-inner\"><\/div>\n\t\t<\/div>\n\t\t\t\t\t\t<\/div>\n\t\t\t\t<div class=\"elementor-element elementor-element-8bd48dc elementor-widget elementor-widget-heading\" data-id=\"8bd48dc\" data-element_type=\"widget\" data-e-type=\"widget\" data-widget_type=\"heading.default\">\n\t\t\t\t\t<h1 class=\"elementor-heading-title elementor-size-default\">Impressum<\/h1>\t\t\t\t<\/div>\n\t\t\t\t<div class=\"elementor-element elementor-element-fae2235 elementor-widget elementor-widget-spacer\" data-id=\"fae2235\" data-element_type=\"widget\" data-e-type=\"widget\" data-widget_type=\"spacer.default\">\n\t\t\t\t\t\t\t<div class=\"elementor-spacer\">\n\t\t\t<div class=\"elementor-spacer-inner\"><\/div>\n\t\t<\/div>\n\t\t\t\t\t\t<\/div>\n\t\t\t\t\t<\/div>\n\t\t\t\t<\/div>\n\t\t<div class=\"elementor-element elementor-element-b5b1aad e-flex e-con-boxed wpr-particle-no wpr-jarallax-no wpr-parallax-no wpr-sticky-section-no e-con e-parent\" data-id=\"b5b1aad\" data-element_type=\"container\" data-e-type=\"container\" data-settings=\"{&quot;background_background&quot;:&quot;classic&quot;}\">\n\t\t\t\t\t<div class=\"e-con-inner\">\n\t\t<div class=\"elementor-element elementor-element-95bc81f e-con-full e-flex wpr-particle-no wpr-jarallax-no wpr-parallax-no wpr-sticky-section-no e-con e-child\" data-id=\"95bc81f\" data-element_type=\"container\" data-e-type=\"container\" data-settings=\"{&quot;background_background&quot;:&quot;classic&quot;}\">\n\t\t<div class=\"elementor-element elementor-element-b3d8adb e-con-full e-flex wpr-particle-no wpr-jarallax-no wpr-parallax-no wpr-sticky-section-no e-con e-child\" data-id=\"b3d8adb\" data-element_type=\"container\" data-e-type=\"container\">\n\t\t\t\t<div class=\"elementor-element elementor-element-b0fa8e4 elementor-widget elementor-widget-heading\" data-id=\"b0fa8e4\" data-element_type=\"widget\" data-e-type=\"widget\" data-widget_type=\"heading.default\">\n\t\t\t\t\t<h2 class=\"elementor-heading-title elementor-size-default\">Impressum<\/h2>\t\t\t\t<\/div>\n\t\t\t\t<div class=\"elementor-element elementor-element-c16cdb0 elementor-widget elementor-widget-text-editor\" data-id=\"c16cdb0\" data-element_type=\"widget\" data-e-type=\"widget\" data-widget_type=\"text-editor.default\">\n\t\t\t\t\t\t\t\t\t<section class=\"elementor-section elementor-top-section elementor-element elementor-element-f627936 elementor-section-boxed elementor-section-height-default elementor-section-height-default\" data-id=\"f627936\" data-element_type=\"section\"><div class=\"elementor-container elementor-column-gap-default\"><div class=\"elementor-column elementor-col-100 elementor-top-column elementor-element elementor-element-29aa713\" data-id=\"29aa713\" data-element_type=\"column\"><div class=\"elementor-widget-wrap elementor-element-populated\"><div class=\"elementor-element elementor-element-ad5330e elementor-widget elementor-widget-heading\" data-id=\"ad5330e\" data-element_type=\"widget\" data-widget_type=\"heading.default\"><div class=\"elementor-widget-container\"><h5 class=\"elementor-heading-title elementor-size-default\">Verantwortlich im Sinne des Pressegesetzes:<\/h5><\/div><\/div><\/div><\/div><\/div><\/section><section class=\"elementor-section elementor-top-section elementor-element elementor-element-f51460f elementor-section-boxed elementor-section-height-default elementor-section-height-default\" data-id=\"f51460f\" data-element_type=\"section\"><div class=\"elementor-container elementor-column-gap-default\"><div class=\"elementor-column elementor-col-100 elementor-top-column elementor-element elementor-element-c05fec9\" data-id=\"c05fec9\" data-element_type=\"column\"><div class=\"elementor-widget-wrap elementor-element-populated\"><div class=\"elementor-element elementor-element-c0b39fe elementor-widget elementor-widget-text-editor\" data-id=\"c0b39fe\" data-element_type=\"widget\" data-widget_type=\"text-editor.default\"><div class=\"elementor-widget-container\"><p>Integrata-Stiftung f\u00fcr humane Nutzung der Informationstechnologie <br \/>Vor dem Kreuzberg 28 <br \/>D-72070 T\u00fcbingen<\/p><p>Kontaktaufnahme bitte per\u00a0E-Mail:\u00a0<a href=\"mailto:info@integrata-stiftung.de\">info@integrata-stiftung.de<\/a><\/p><p>Vorstand: <br \/>J\u00fcrgen Bartling<br \/>Swen Heinemann<\/p><p>Stiftungsbeh\u00f6rde: Regierungspr\u00e4sidium T\u00fcbingen <br \/>Stiftungs-Nr.: 15-1\/0562-62T\u00dc (15.09.1999)<\/p><\/div><\/div><\/div><\/div><\/div><\/section><section class=\"elementor-section elementor-top-section elementor-element elementor-element-03f61a9 elementor-section-boxed elementor-section-height-default elementor-section-height-default\" data-id=\"03f61a9\" data-element_type=\"section\"><div class=\"elementor-container elementor-column-gap-default\"><div class=\"elementor-column elementor-col-100 elementor-top-column elementor-element elementor-element-ba78d80\" data-id=\"ba78d80\" data-element_type=\"column\"><div class=\"elementor-widget-wrap elementor-element-populated\"><div class=\"elementor-element elementor-element-acbb022 elementor-widget elementor-widget-spacer\" data-id=\"acbb022\" data-element_type=\"widget\" data-widget_type=\"spacer.default\"><div class=\"elementor-widget-container\"><div class=\"elementor-spacer\"><div class=\"elementor-spacer-inner\">\u00a0<\/div><\/div><\/div><\/div><\/div><\/div><\/div><\/section><section class=\"elementor-section elementor-top-section elementor-element elementor-element-ba4d363 elementor-section-boxed elementor-section-height-default elementor-section-height-default\" data-id=\"ba4d363\" data-element_type=\"section\"><div class=\"elementor-container elementor-column-gap-default\"><div class=\"elementor-column elementor-col-100 elementor-top-column elementor-element elementor-element-f0b739c\" data-id=\"f0b739c\" data-element_type=\"column\"><div class=\"elementor-widget-wrap elementor-element-populated\"><div class=\"elementor-element elementor-element-bf8363e elementor-widget elementor-widget-heading\" data-id=\"bf8363e\" data-element_type=\"widget\" data-widget_type=\"heading.default\"><div class=\"elementor-widget-container\"><h5 class=\"elementor-heading-title elementor-size-default\">Inhaltlich Verantwortlicher gem\u00e4\u00df Paragraph 6 MDStV:<\/h5><\/div><\/div><\/div><\/div><\/div><\/section><section class=\"elementor-section elementor-top-section elementor-element elementor-element-9d7b491 elementor-section-boxed elementor-section-height-default elementor-section-height-default\" data-id=\"9d7b491\" data-element_type=\"section\"><div class=\"elementor-container elementor-column-gap-default\"><div class=\"elementor-column elementor-col-100 elementor-top-column elementor-element elementor-element-06d4406\" data-id=\"06d4406\" data-element_type=\"column\"><div class=\"elementor-widget-wrap elementor-element-populated\"><div class=\"elementor-element elementor-element-d4e1ac9 elementor-widget elementor-widget-text-editor\" data-id=\"d4e1ac9\" data-element_type=\"widget\" data-widget_type=\"text-editor.default\"><div class=\"elementor-widget-container\">Integrata-Stiftung\u00a0f\u00fcr humane Nutzung der Informationstechnologie <br \/>E-Mail:\u00a0<a href=\"mailto:info@integrata-stiftung.de\">info@integrata-stiftung.de<\/a><\/div><\/div><\/div><\/div><\/div><\/section><section class=\"elementor-section elementor-top-section elementor-element elementor-element-74909d5 elementor-section-boxed elementor-section-height-default elementor-section-height-default\" data-id=\"74909d5\" data-element_type=\"section\"><div class=\"elementor-container elementor-column-gap-default\"><div class=\"elementor-column elementor-col-100 elementor-top-column elementor-element elementor-element-0732497\" data-id=\"0732497\" data-element_type=\"column\"><div class=\"elementor-widget-wrap elementor-element-populated\"><div class=\"elementor-element elementor-element-edf9853 elementor-widget elementor-widget-spacer\" data-id=\"edf9853\" data-element_type=\"widget\" data-widget_type=\"spacer.default\"><div class=\"elementor-widget-container\"><div class=\"elementor-spacer\"><div class=\"elementor-spacer-inner\">\u00a0<\/div><\/div><\/div><\/div><\/div><\/div><\/div><\/section><section class=\"elementor-section elementor-top-section elementor-element elementor-element-a837e48 elementor-section-boxed elementor-section-height-default elementor-section-height-default\" data-id=\"a837e48\" data-element_type=\"section\"><div class=\"elementor-container elementor-column-gap-default\"><div class=\"elementor-column elementor-col-100 elementor-top-column elementor-element elementor-element-90dd97a\" data-id=\"90dd97a\" data-element_type=\"column\"><div class=\"elementor-widget-wrap elementor-element-populated\"><div class=\"elementor-element elementor-element-863dcb7 elementor-widget elementor-widget-heading\" data-id=\"863dcb7\" data-element_type=\"widget\" data-widget_type=\"heading.default\"><div class=\"elementor-widget-container\"><h5 class=\"elementor-heading-title elementor-size-default\">Haftungsauschluss<\/h5><\/div><\/div><\/div><\/div><\/div><\/section><section class=\"elementor-section elementor-top-section elementor-element elementor-element-062d59a elementor-section-boxed elementor-section-height-default elementor-section-height-default\" data-id=\"062d59a\" data-element_type=\"section\"><div class=\"elementor-container elementor-column-gap-default\"><div class=\"elementor-column elementor-col-100 elementor-top-column elementor-element elementor-element-b9428ad\" data-id=\"b9428ad\" data-element_type=\"column\"><div class=\"elementor-widget-wrap elementor-element-populated\"><div class=\"elementor-element elementor-element-9333425 elementor-widget elementor-widget-text-editor\" data-id=\"9333425\" data-element_type=\"widget\" data-widget_type=\"text-editor.default\"><div class=\"elementor-widget-container\"><ol><li style=\"list-style-type: none;\"><ol><li>Inhalt des Online-Angebots: Die AutorInnen \u00fcbernehmen keinerlei Gew\u00e4hr f\u00fcr die Aktualit\u00e4t, Korrektheit, Vollst\u00e4ndigkeit oder Qualit\u00e4t der bereitgestellten Informationen. Haftungsanspr\u00fcche gegen die AutorInnen, welche sich auf Sch\u00e4den materieller oder ideeller Art beziehen, die durch die Nutzung oder Nichtnutzung der dargebotenen Informationen bzw. durch die Nutzung fehlerhafter und unvollst\u00e4ndiger Informationen verursacht wurden sind grunds\u00e4tzlich ausgeschlossen, sofern seitens der AutorInnen kein nachweislich vors\u00e4tzliches oder grob fahrl\u00e4ssiges Verschulden vorliegt. Au\u00dferdem behalten sich die AutorInnen das Recht vor, \u00c4nderungen oder Erg\u00e4nzungen der bereitgestellten Informationen vorzunehmen.<\/li><\/ol><\/li><\/ol><p>\u00a0<\/p><ol><li style=\"list-style-type: none;\"><ol><li>Verlinkungen zu Seiten Dritter: F\u00fcr Internetseiten Dritter, auf welche durch Hyperlinks verwiesen wird, tragen die jeweiligen Anbieter die Verantwortung. Die AutorInnen sind nicht f\u00fcr den Inhalt solcher Seiten Dritter verantwortlich. Des weiteren k\u00f6nnen diese Webseiten von anderen Webseiten mittels Hyperlink angelinkt worden sein. Die AutorInnen \u00fcbernehmen keine Verantwortung f\u00fcr Darstellungen, Inhalte oder irgendeine Verbindung zu diesen Webseiten in Webseiten Dritter.<\/li><\/ol><\/li><\/ol><p>\u00a0<\/p><ol><li style=\"list-style-type: none;\"><ol><li>Copyright: Das Copyright f\u00fcr ver\u00f6ffentlichte, von den AutorInnen selbst erstellte Objekte bleibt allein bei den AutorInnen der Seiten. Eine Vervielf\u00e4ltigung oder Verwendung solcher Grafiken, Tondokumente, Videosequenzen und Texte in anderen elektronischen oder gedruckten Publikationen ist ohne ausdr\u00fcckliche Zustimmung der AutorInnen nicht gestattet.<\/li><\/ol><\/li><\/ol><p>\u00a0<\/p><ol><li>Rechtswirksamkeit dieses Haftungsausschlusses: Dieser Haftungsausschluss ist als Teil des Internetangebotes zu betrachten, von dem aus auf diese Seite verwiesen wurde. Sofern Teile oder einzelne Formulierungen dieses Textes der geltenden Rechtslage nicht, nicht mehr oder nicht vollst\u00e4ndig entsprechen sollten, bleiben die \u00fcbrigen Teile des Dokumentes in ihrem Inhalt und ihrer G\u00fcltigkeit davon unber\u00fchrt.<\/li><\/ol><\/div><\/div><\/div><\/div><\/div><\/section><section class=\"elementor-section elementor-top-section elementor-element elementor-element-b39ab49 elementor-section-boxed elementor-section-height-default elementor-section-height-default\" data-id=\"b39ab49\" data-element_type=\"section\"><div class=\"elementor-container elementor-column-gap-default\"><div class=\"elementor-column elementor-col-100 elementor-top-column elementor-element elementor-element-d56cccb\" data-id=\"d56cccb\" data-element_type=\"column\"><div class=\"elementor-widget-wrap elementor-element-populated\"><div class=\"elementor-element elementor-element-eac0730 elementor-widget elementor-widget-spacer\" data-id=\"eac0730\" data-element_type=\"widget\" data-widget_type=\"spacer.default\"><div class=\"elementor-widget-container\"><div class=\"elementor-spacer\"><div class=\"elementor-spacer-inner\">\u00a0<\/div><\/div><\/div><\/div><\/div><\/div><\/div><\/section><section class=\"elementor-section elementor-top-section elementor-element elementor-element-41b0718 elementor-section-boxed elementor-section-height-default elementor-section-height-default\" data-id=\"41b0718\" data-element_type=\"section\"><div class=\"elementor-container elementor-column-gap-default\"><div class=\"elementor-column elementor-col-100 elementor-top-column elementor-element elementor-element-c392076\" data-id=\"c392076\" data-element_type=\"column\"><div class=\"elementor-widget-wrap elementor-element-populated\"><div class=\"elementor-element elementor-element-3df56d7 elementor-widget elementor-widget-heading\" data-id=\"3df56d7\" data-element_type=\"widget\" data-widget_type=\"heading.default\"><div class=\"elementor-widget-container\"><h5 class=\"elementor-heading-title elementor-size-default\">Aufsichtsbeh\u00f6rde<\/h5><\/div><\/div><\/div><\/div><\/div><\/section><section class=\"elementor-section elementor-top-section elementor-element elementor-element-2398eb0 elementor-section-boxed elementor-section-height-default elementor-section-height-default\" data-id=\"2398eb0\" data-element_type=\"section\"><div class=\"elementor-container elementor-column-gap-default\"><div class=\"elementor-column elementor-col-100 elementor-top-column elementor-element elementor-element-967e928\" data-id=\"967e928\" data-element_type=\"column\"><div class=\"elementor-widget-wrap elementor-element-populated\"><div class=\"elementor-element elementor-element-5d5f0bd elementor-widget elementor-widget-text-editor\" data-id=\"5d5f0bd\" data-element_type=\"widget\" data-widget_type=\"text-editor.default\"><div class=\"elementor-widget-container\">Die Stiftung unterliegt der staatlichen Aufsicht nach Ma\u00dfgabe des jeweils geltenden Stiftungsrechts. <br \/>Zust\u00e4ndige Aufsichtsbeh\u00f6rde ist das Regierungspr\u00e4sidium T\u00fcbingen, Postfach 2666, 72016 T\u00fcbingen.<\/div><\/div><\/div><\/div><\/div><\/section>\t\t\t\t\t\t\t\t<\/div>\n\t\t\t\t<div class=\"elementor-element elementor-element-6ef8a5b elementor-widget elementor-widget-spacer\" data-id=\"6ef8a5b\" data-element_type=\"widget\" data-e-type=\"widget\" data-widget_type=\"spacer.default\">\n\t\t\t\t\t\t\t<div class=\"elementor-spacer\">\n\t\t\t<div class=\"elementor-spacer-inner\"><\/div>\n\t\t<\/div>\n\t\t\t\t\t\t<\/div>\n\t\t\t\t<\/div>\n\t\t\t\t<\/div>\n\t\t\t\t\t<\/div>\n\t\t\t\t<\/div>\n\t\t\t\t<\/div>\n\t\t","protected":false},"excerpt":{"rendered":"<p>Impressum Impressum Verantwortlich im Sinne des Pressegesetzes: Integrata-Stiftung f\u00fcr humane Nutzung der Informationstechnologie Vor dem Kreuzberg 28 D-72070 T\u00fcbingen Kontaktaufnahme bitte per\u00a0E-Mail:\u00a0info@integrata-stiftung.de Vorstand: J\u00fcrgen BartlingSwen Heinemann Stiftungsbeh\u00f6rde: Regierungspr\u00e4sidium T\u00fcbingen Stiftungs-Nr.: 15-1\/0562-62T\u00dc (15.09.1999) \u00a0 Inhaltlich Verantwortlicher gem\u00e4\u00df Paragraph 6 MDStV: Integrata-Stiftung\u00a0f\u00fcr humane Nutzung der Informationstechnologie E-Mail:\u00a0info@integrata-stiftung.de \u00a0 Haftungsauschluss Inhalt des Online-Angebots: Die AutorInnen \u00fcbernehmen keinerlei Gew\u00e4hr f\u00fcr die Aktualit\u00e4t, Korrektheit, Vollst\u00e4ndigkeit oder Qualit\u00e4t der bereitgestellten Informationen. Haftungsanspr\u00fcche gegen die AutorInnen, welche sich auf Sch\u00e4den materieller oder ideeller Art beziehen, die durch die Nutzung oder Nichtnutzung der dargebotenen Informationen bzw. durch die Nutzung fehlerhafter und unvollst\u00e4ndiger Informationen verursacht wurden sind grunds\u00e4tzlich ausgeschlossen, sofern seitens der AutorInnen kein nachweislich vors\u00e4tzliches oder grob fahrl\u00e4ssiges Verschulden vorliegt. Au\u00dferdem behalten sich die AutorInnen das Recht vor, \u00c4nderungen oder Erg\u00e4nzungen der bereitgestellten Informationen vorzunehmen. \u00a0 Verlinkungen zu Seiten Dritter: F\u00fcr Internetseiten Dritter, auf welche durch Hyperlinks verwiesen wird, tragen die jeweiligen Anbieter die Verantwortung. Die AutorInnen sind nicht f\u00fcr den Inhalt solcher Seiten Dritter verantwortlich. Des weiteren k\u00f6nnen diese Webseiten von anderen Webseiten mittels Hyperlink angelinkt worden sein. Die AutorInnen \u00fcbernehmen keine Verantwortung f\u00fcr Darstellungen, Inhalte oder irgendeine Verbindung zu diesen Webseiten in Webseiten Dritter. \u00a0 Copyright: Das Copyright f\u00fcr ver\u00f6ffentlichte, von den AutorInnen selbst erstellte Objekte bleibt allein bei den AutorInnen der Seiten. Eine Vervielf\u00e4ltigung oder Verwendung solcher Grafiken, Tondokumente, Videosequenzen und Texte in anderen elektronischen oder gedruckten Publikationen ist ohne ausdr\u00fcckliche Zustimmung der AutorInnen nicht gestattet. \u00a0 Rechtswirksamkeit dieses Haftungsausschlusses: Dieser Haftungsausschluss ist als Teil des Internetangebotes zu betrachten, von dem aus auf diese Seite verwiesen wurde. Sofern Teile oder einzelne Formulierungen dieses Textes der geltenden Rechtslage nicht, nicht mehr oder nicht vollst\u00e4ndig entsprechen sollten, bleiben die \u00fcbrigen Teile des Dokumentes in ihrem Inhalt und ihrer G\u00fcltigkeit davon unber\u00fchrt. \u00a0 Aufsichtsbeh\u00f6rde Die Stiftung unterliegt der staatlichen Aufsicht nach Ma\u00dfgabe des jeweils geltenden Stiftungsrechts. Zust\u00e4ndige Aufsichtsbeh\u00f6rde ist das Regierungspr\u00e4sidium T\u00fcbingen, Postfach 2666, 72016 T\u00fcbingen.<\/p>\n","protected":false},"author":1,"featured_media":0,"parent":0,"menu_order":0,"comment_status":"closed","ping_status":"closed","template":"","meta":{"footnotes":""},"class_list":["post-22762","page","type-page","status-publish","hentry"],"blocksy_meta":[],"_links":{"self":[{"href":"https:\/\/suspicious-noether.45-82-121-115.plesk.page\/index.php\/wp-json\/wp\/v2\/pages\/22762","targetHints":{"allow":["GET"]}}],"collection":[{"href":"https:\/\/suspicious-noether.45-82-121-115.plesk.page\/index.php\/wp-json\/wp\/v2\/pages"}],"about":[{"href":"https:\/\/suspicious-noether.45-82-121-115.plesk.page\/index.php\/wp-json\/wp\/v2\/types\/page"}],"author":[{"embeddable":true,"href":"https:\/\/suspicious-noether.45-82-121-115.plesk.page\/index.php\/wp-json\/wp\/v2\/users\/1"}],"replies":[{"embeddable":true,"href":"https:\/\/suspicious-noether.45-82-121-115.plesk.page\/index.php\/wp-json\/wp\/v2\/comments?post=22762"}],"version-history":[{"count":13,"href":"https:\/\/suspicious-noether.45-82-121-115.plesk.page\/index.php\/wp-json\/wp\/v2\/pages\/22762\/revisions"}],"predecessor-version":[{"id":22778,"href":"https:\/\/suspicious-noether.45-82-121-115.plesk.page\/index.php\/wp-json\/wp\/v2\/pages\/22762\/revisions\/22778"}],"wp:attachment":[{"href":"https:\/\/suspicious-noether.45-82-121-115.plesk.page\/index.php\/wp-json\/wp\/v2\/media?parent=22762"}],"curies":[{"name":"wp","href":"https:\/\/api.w.org\/{rel}","templated":true}]}}