{"id":22590,"date":"2026-04-12T17:00:53","date_gmt":"2026-04-12T17:00:53","guid":{"rendered":"https:\/\/suspicious-noether.45-82-121-115.plesk.page\/?page_id=22590"},"modified":"2026-04-13T18:38:23","modified_gmt":"2026-04-13T18:38:23","slug":"organe","status":"publish","type":"page","link":"https:\/\/suspicious-noether.45-82-121-115.plesk.page\/index.php\/stiftung\/organe\/","title":{"rendered":"Organe"},"content":{"rendered":"\t\t<div data-elementor-type=\"wp-page\" data-elementor-id=\"22590\" class=\"elementor elementor-22590\">\n\t\t\t\t<div class=\"elementor-element elementor-element-8048f56 e-flex e-con-boxed wpr-particle-no wpr-jarallax-no wpr-parallax-no wpr-sticky-section-no e-con e-parent\" data-id=\"8048f56\" data-element_type=\"container\" data-e-type=\"container\" data-settings=\"{&quot;background_background&quot;:&quot;classic&quot;}\">\n\t\t\t\t\t<div class=\"e-con-inner\">\n\t\t\t\t<div class=\"elementor-element elementor-element-dff2926 elementor-widget elementor-widget-spacer\" data-id=\"dff2926\" data-element_type=\"widget\" data-e-type=\"widget\" data-widget_type=\"spacer.default\">\n\t\t\t\t\t\t\t<div class=\"elementor-spacer\">\n\t\t\t<div class=\"elementor-spacer-inner\"><\/div>\n\t\t<\/div>\n\t\t\t\t\t\t<\/div>\n\t\t\t\t<div class=\"elementor-element elementor-element-8bd48dc elementor-widget elementor-widget-heading\" data-id=\"8bd48dc\" data-element_type=\"widget\" data-e-type=\"widget\" data-widget_type=\"heading.default\">\n\t\t\t\t\t<h1 class=\"elementor-heading-title elementor-size-default\">Organe der Integrata Stiftung<\/h1>\t\t\t\t<\/div>\n\t\t\t\t<div class=\"elementor-element elementor-element-fae2235 elementor-widget elementor-widget-spacer\" data-id=\"fae2235\" data-element_type=\"widget\" data-e-type=\"widget\" data-widget_type=\"spacer.default\">\n\t\t\t\t\t\t\t<div class=\"elementor-spacer\">\n\t\t\t<div class=\"elementor-spacer-inner\"><\/div>\n\t\t<\/div>\n\t\t\t\t\t\t<\/div>\n\t\t\t\t\t<\/div>\n\t\t\t\t<\/div>\n\t\t<div class=\"elementor-element elementor-element-d815982 e-flex e-con-boxed wpr-particle-no wpr-jarallax-no wpr-parallax-no wpr-sticky-section-no e-con e-parent\" data-id=\"d815982\" data-element_type=\"container\" data-e-type=\"container\">\n\t\t\t\t\t<div class=\"e-con-inner\">\n\t\t<div class=\"elementor-element elementor-element-9678289 e-con-full e-grid wpr-particle-no wpr-jarallax-no wpr-parallax-no wpr-sticky-section-no e-con e-child\" data-id=\"9678289\" data-element_type=\"container\" data-e-type=\"container\" data-settings=\"{&quot;background_background&quot;:&quot;classic&quot;}\">\n\t\t<div class=\"elementor-element elementor-element-8b5803b e-con-full e-flex wpr-particle-no wpr-jarallax-no wpr-parallax-no wpr-sticky-section-no e-con e-child\" data-id=\"8b5803b\" data-element_type=\"container\" data-e-type=\"container\">\n\t\t\t\t<div class=\"elementor-element elementor-element-b029c16 elementor-widget elementor-widget-heading\" data-id=\"b029c16\" data-element_type=\"widget\" data-e-type=\"widget\" data-widget_type=\"heading.default\">\n\t\t\t\t\t<h2 class=\"elementor-heading-title elementor-size-default\">Stiftungsorganisation<\/h2>\t\t\t\t<\/div>\n\t\t\t\t<div class=\"elementor-element elementor-element-0624638 elementor-widget elementor-widget-heading\" data-id=\"0624638\" data-element_type=\"widget\" data-e-type=\"widget\" data-widget_type=\"heading.default\">\n\t\t\t\t\t<h2 class=\"elementor-heading-title elementor-size-default\">Wer macht Was bei der Stiftung?<\/h2>\t\t\t\t<\/div>\n\t\t\t\t<div class=\"elementor-element elementor-element-dd958f1 elementor-widget elementor-widget-text-editor\" data-id=\"dd958f1\" data-element_type=\"widget\" data-e-type=\"widget\" data-widget_type=\"text-editor.default\">\n\t\t\t\t\t\t\t\t\t<section class=\"elementor-section elementor-top-section elementor-element elementor-element-d20a9fa elementor-section-boxed elementor-section-height-default elementor-section-height-default\" data-id=\"d20a9fa\" data-element_type=\"section\"><div class=\"elementor-container elementor-column-gap-default\"><div class=\"elementor-column elementor-col-66 elementor-top-column elementor-element elementor-element-88790e8\" data-id=\"88790e8\" data-element_type=\"column\"><div class=\"elementor-widget-wrap elementor-element-populated\"><div class=\"elementor-element elementor-element-55c465b elementor-widget elementor-widget-text-editor\" data-id=\"55c465b\" data-element_type=\"widget\" data-widget_type=\"text-editor.default\"><div class=\"elementor-widget-container\"><p>Satzungsgem\u00e4\u00df hat die Integrata-Stiftung drei Organe:<\/p><ul><li>das<a title=\"Kuratorium\" href=\"https:\/\/integrata-stiftung.de\/ueber-uns\/organisation\/kuratorium\/\"> Kuratorium<\/a><\/li><li>den <a href=\"https:\/\/integrata-stiftung.de\/ueber-uns\/organisation\/vorstand\/\">Vorstand<\/a><\/li><li>einen <a href=\"https:\/\/integrata-stiftung.de\/ueber-uns\/organisation\/fachbeirat\/\">Fachbeirat<\/a><\/li><\/ul><p>Der Vorstand initiiert und beaufsichtigt die Projekte der Stiftung. Dabei wird er vom Fachbeirat beraten. Der Vorstand ernennt die Projektleiter, die Mitglied in den Organen sein k\u00f6nnen oder ehrenamtliche Mitarbeiter von au\u00dferhalb der Stiftung.<\/p><\/div><\/div><\/div><\/div><div class=\"elementor-column elementor-col-33 elementor-top-column elementor-element elementor-element-886e274\" data-id=\"886e274\" data-element_type=\"column\"><div class=\"elementor-widget-wrap elementor-element-populated\"><div class=\"elementor-element elementor-element-4d44c05 elementor-view-default elementor-widget elementor-widget-icon\" data-id=\"4d44c05\" data-element_type=\"widget\" data-widget_type=\"icon.default\"><div class=\"elementor-widget-container\"><div class=\"elementor-icon-wrapper\"><div class=\"elementor-icon\">\u00a0<\/div><\/div><\/div><\/div><\/div><\/div><\/div><\/section><section class=\"elementor-section elementor-top-section elementor-element elementor-element-76bbad2 elementor-section-boxed elementor-section-height-default elementor-section-height-default\" data-id=\"76bbad2\" data-element_type=\"section\"><div class=\"elementor-container elementor-column-gap-default\"><div class=\"elementor-column elementor-col-100 elementor-top-column elementor-element elementor-element-258d252\" data-id=\"258d252\" data-element_type=\"column\"><div class=\"elementor-widget-wrap elementor-element-populated\"><div class=\"elementor-element elementor-element-d8b4ed2 elementor-widget elementor-widget-text-editor\" data-id=\"d8b4ed2\" data-element_type=\"widget\" data-widget_type=\"text-editor.default\"><div class=\"elementor-widget-container\"><p>Au\u00dferdem kommen noch hinzu:<\/p><ul><li><a href=\"http:\/\/www.hit-buergerbeteiligung.de\/\" target=\"_blank\" rel=\"noopener noreferrer\">Human IT Service GmbH<\/a> als Tochterfirma der Stiftung, die \u2013 juristisch getrennt \u2013 alle wirtschaftlichen Aufgaben ausf\u00fchrt, die die Stiftung nicht selbst macht.<\/li><li><a href=\"https:\/\/integrata-stiftung.de\/foerdern\/foerderverein\/\" target=\"_blank\" rel=\"noopener noreferrer\">F\u00f6rderverein der Integrata-Stiftung e.V.<\/a>, der mit seiner Satzung den Zweck der F\u00f6rderung der Stiftung verfolgt.<\/li><\/ul><\/div><\/div><\/div><\/div><\/div><\/section>\t\t\t\t\t\t\t\t<\/div>\n\t\t\t\t<div class=\"elementor-element elementor-element-5706c19 elementor-widget elementor-widget-button\" data-id=\"5706c19\" data-element_type=\"widget\" data-e-type=\"widget\" data-widget_type=\"button.default\">\n\t\t\t\t\t\t\t\t\t\t<a class=\"elementor-button elementor-button-link elementor-size-sm\" href=\"https:\/\/integrata-stiftung.de\/wp-content\/uploads\/2020\/12\/Satzung_20160201_genehmigt.pdf\">\n\t\t\t\t\t\t<span class=\"elementor-button-content-wrapper\">\n\t\t\t\t\t\t\t\t\t<span class=\"elementor-button-text\">satzung herunterladen (.pdf)<\/span>\n\t\t\t\t\t<\/span>\n\t\t\t\t\t<\/a>\n\t\t\t\t\t\t\t\t<\/div>\n\t\t\t\t<div class=\"elementor-element elementor-element-ee9b41b elementor-widget elementor-widget-spacer\" data-id=\"ee9b41b\" data-element_type=\"widget\" data-e-type=\"widget\" data-widget_type=\"spacer.default\">\n\t\t\t\t\t\t\t<div class=\"elementor-spacer\">\n\t\t\t<div class=\"elementor-spacer-inner\"><\/div>\n\t\t<\/div>\n\t\t\t\t\t\t<\/div>\n\t\t\t\t<\/div>\n\t\t\t\t<\/div>\n\t\t\t\t\t<\/div>\n\t\t\t\t<\/div>\n\t\t<div class=\"elementor-element elementor-element-2e49f6b e-flex e-con-boxed wpr-particle-no wpr-jarallax-no wpr-parallax-no wpr-sticky-section-no e-con e-parent\" data-id=\"2e49f6b\" data-element_type=\"container\" data-e-type=\"container\">\n\t\t\t\t\t<div class=\"e-con-inner\">\n\t\t<div class=\"elementor-element elementor-element-56e5da3 e-con-full e-flex wpr-particle-no wpr-jarallax-no wpr-parallax-no wpr-sticky-section-no e-con e-child\" data-id=\"56e5da3\" data-element_type=\"container\" data-e-type=\"container\" data-settings=\"{&quot;background_background&quot;:&quot;classic&quot;}\">\n\t\t<div class=\"elementor-element elementor-element-ae148be e-con-full e-flex wpr-particle-no wpr-jarallax-no wpr-parallax-no wpr-sticky-section-no e-con e-child\" data-id=\"ae148be\" data-element_type=\"container\" data-e-type=\"container\" data-settings=\"{&quot;background_background&quot;:&quot;classic&quot;}\">\n\t\t\t\t<div class=\"elementor-element elementor-element-675d071 elementor-widget__width-initial elementor-widget elementor-widget-image\" data-id=\"675d071\" data-element_type=\"widget\" data-e-type=\"widget\" data-widget_type=\"image.default\">\n\t\t\t\t\t\t\t\t\t\t\t\t\t\t\t<img fetchpriority=\"high\" decoding=\"async\" width=\"1024\" height=\"1024\" src=\"https:\/\/suspicious-noether.45-82-121-115.plesk.page\/wp-content\/uploads\/2026\/03\/red_Executive-blau-2-2048x2048-Kopie-1024x1024.png\" class=\"attachment-large size-large wp-image-22333\" alt=\"\" srcset=\"https:\/\/suspicious-noether.45-82-121-115.plesk.page\/wp-content\/uploads\/2026\/03\/red_Executive-blau-2-2048x2048-Kopie-1024x1024.png 1024w, https:\/\/suspicious-noether.45-82-121-115.plesk.page\/wp-content\/uploads\/2026\/03\/red_Executive-blau-2-2048x2048-Kopie-300x300.png 300w, https:\/\/suspicious-noether.45-82-121-115.plesk.page\/wp-content\/uploads\/2026\/03\/red_Executive-blau-2-2048x2048-Kopie-150x150.png 150w, https:\/\/suspicious-noether.45-82-121-115.plesk.page\/wp-content\/uploads\/2026\/03\/red_Executive-blau-2-2048x2048-Kopie-768x768.png 768w, https:\/\/suspicious-noether.45-82-121-115.plesk.page\/wp-content\/uploads\/2026\/03\/red_Executive-blau-2-2048x2048-Kopie-1536x1536.png 1536w, https:\/\/suspicious-noether.45-82-121-115.plesk.page\/wp-content\/uploads\/2026\/03\/red_Executive-blau-2-2048x2048-Kopie.png 2048w\" sizes=\"(max-width: 1024px) 100vw, 1024px\" \/>\t\t\t\t\t\t\t\t\t\t\t\t\t\t\t<\/div>\n\t\t<div class=\"elementor-element elementor-element-b22318d e-con-full e-flex wpr-particle-no wpr-jarallax-no wpr-parallax-no wpr-sticky-section-no e-con e-child\" data-id=\"b22318d\" data-element_type=\"container\" data-e-type=\"container\">\n\t\t\t\t<div class=\"elementor-element elementor-element-d4b2f9b elementor-widget elementor-widget-heading\" data-id=\"d4b2f9b\" data-element_type=\"widget\" data-e-type=\"widget\" data-widget_type=\"heading.default\">\n\t\t\t\t\t<h2 class=\"elementor-heading-title elementor-size-default\">Vorstand\u200b<\/h2>\t\t\t\t<\/div>\n\t\t\t\t<div class=\"elementor-element elementor-element-b03f284 elementor-widget elementor-widget-text-editor\" data-id=\"b03f284\" data-element_type=\"widget\" data-e-type=\"widget\" data-widget_type=\"text-editor.default\">\n\t\t\t\t\t\t\t\t\t<p>Sie m\u00f6chten mehr \u00fcber Aufgaben und Personen des Stiftungsvorstands erfahren? Hier finden sie mehr Informationen.<\/p>\t\t\t\t\t\t\t\t<\/div>\n\t\t\t\t<div class=\"elementor-element elementor-element-f563037 elementor-align-center elementor-widget elementor-widget-button\" data-id=\"f563037\" data-element_type=\"widget\" data-e-type=\"widget\" data-widget_type=\"button.default\">\n\t\t\t\t\t\t\t\t\t\t<a class=\"elementor-button elementor-button-link elementor-size-sm\" href=\"#\">\n\t\t\t\t\t\t<span class=\"elementor-button-content-wrapper\">\n\t\t\t\t\t\t\t\t\t<span class=\"elementor-button-text\">Mehr erfahren<\/span>\n\t\t\t\t\t<\/span>\n\t\t\t\t\t<\/a>\n\t\t\t\t\t\t\t\t<\/div>\n\t\t\t\t<div class=\"elementor-element elementor-element-22bfa5b elementor-widget elementor-widget-spacer\" data-id=\"22bfa5b\" data-element_type=\"widget\" data-e-type=\"widget\" data-widget_type=\"spacer.default\">\n\t\t\t\t\t\t\t<div class=\"elementor-spacer\">\n\t\t\t<div class=\"elementor-spacer-inner\"><\/div>\n\t\t<\/div>\n\t\t\t\t\t\t<\/div>\n\t\t\t\t<\/div>\n\t\t\t\t<\/div>\n\t\t<div class=\"elementor-element elementor-element-735c9c2 e-con-full e-flex wpr-particle-no wpr-jarallax-no wpr-parallax-no wpr-sticky-section-no e-con e-child\" data-id=\"735c9c2\" data-element_type=\"container\" data-e-type=\"container\" data-settings=\"{&quot;background_background&quot;:&quot;classic&quot;}\">\n\t\t\t\t<div class=\"elementor-element elementor-element-1c98f65 elementor-widget__width-initial elementor-widget elementor-widget-image\" data-id=\"1c98f65\" data-element_type=\"widget\" data-e-type=\"widget\" data-widget_type=\"image.default\">\n\t\t\t\t\t\t\t\t\t\t\t\t\t\t\t<img decoding=\"async\" width=\"1024\" height=\"650\" src=\"https:\/\/suspicious-noether.45-82-121-115.plesk.page\/wp-content\/uploads\/2026\/03\/red_Icon-People-blau-2048x1300-Kopie-1024x650.png\" class=\"attachment-large size-large wp-image-22335\" alt=\"\" srcset=\"https:\/\/suspicious-noether.45-82-121-115.plesk.page\/wp-content\/uploads\/2026\/03\/red_Icon-People-blau-2048x1300-Kopie-1024x650.png 1024w, https:\/\/suspicious-noether.45-82-121-115.plesk.page\/wp-content\/uploads\/2026\/03\/red_Icon-People-blau-2048x1300-Kopie-300x190.png 300w, https:\/\/suspicious-noether.45-82-121-115.plesk.page\/wp-content\/uploads\/2026\/03\/red_Icon-People-blau-2048x1300-Kopie-768x488.png 768w, https:\/\/suspicious-noether.45-82-121-115.plesk.page\/wp-content\/uploads\/2026\/03\/red_Icon-People-blau-2048x1300-Kopie-1536x975.png 1536w, https:\/\/suspicious-noether.45-82-121-115.plesk.page\/wp-content\/uploads\/2026\/03\/red_Icon-People-blau-2048x1300-Kopie.png 2048w\" sizes=\"(max-width: 1024px) 100vw, 1024px\" \/>\t\t\t\t\t\t\t\t\t\t\t\t\t\t\t<\/div>\n\t\t<div class=\"elementor-element elementor-element-dde3900 e-con-full e-flex wpr-particle-no wpr-jarallax-no wpr-parallax-no wpr-sticky-section-no e-con e-child\" data-id=\"dde3900\" data-element_type=\"container\" data-e-type=\"container\">\n\t\t\t\t<div class=\"elementor-element elementor-element-12c41de elementor-widget elementor-widget-heading\" data-id=\"12c41de\" data-element_type=\"widget\" data-e-type=\"widget\" data-widget_type=\"heading.default\">\n\t\t\t\t\t<h2 class=\"elementor-heading-title elementor-size-default\">Kuratorium<\/h2>\t\t\t\t<\/div>\n\t\t\t\t<div class=\"elementor-element elementor-element-2d498ae elementor-widget elementor-widget-text-editor\" data-id=\"2d498ae\" data-element_type=\"widget\" data-e-type=\"widget\" data-widget_type=\"text-editor.default\">\n\t\t\t\t\t\t\t\t\t<p>Lernen Sie die Mitglieder des Stiftungskuratoriums und deren Aufgaben genauer kennen.<\/p>\t\t\t\t\t\t\t\t<\/div>\n\t\t\t\t<div class=\"elementor-element elementor-element-0f8073b elementor-align-center elementor-widget elementor-widget-button\" data-id=\"0f8073b\" data-element_type=\"widget\" data-e-type=\"widget\" data-widget_type=\"button.default\">\n\t\t\t\t\t\t\t\t\t\t<a class=\"elementor-button elementor-button-link elementor-size-sm\" href=\"#\">\n\t\t\t\t\t\t<span class=\"elementor-button-content-wrapper\">\n\t\t\t\t\t\t\t\t\t<span class=\"elementor-button-text\">Mehr erfahren<\/span>\n\t\t\t\t\t<\/span>\n\t\t\t\t\t<\/a>\n\t\t\t\t\t\t\t\t<\/div>\n\t\t\t\t<div class=\"elementor-element elementor-element-8e55e1a elementor-widget elementor-widget-spacer\" data-id=\"8e55e1a\" data-element_type=\"widget\" data-e-type=\"widget\" data-widget_type=\"spacer.default\">\n\t\t\t\t\t\t\t<div class=\"elementor-spacer\">\n\t\t\t<div class=\"elementor-spacer-inner\"><\/div>\n\t\t<\/div>\n\t\t\t\t\t\t<\/div>\n\t\t\t\t<\/div>\n\t\t\t\t<\/div>\n\t\t<div class=\"elementor-element elementor-element-9e00faa e-con-full e-flex wpr-particle-no wpr-jarallax-no wpr-parallax-no wpr-sticky-section-no e-con e-child\" data-id=\"9e00faa\" data-element_type=\"container\" data-e-type=\"container\" data-settings=\"{&quot;background_background&quot;:&quot;classic&quot;}\">\n\t\t\t\t<div class=\"elementor-element elementor-element-fd629c6 elementor-widget__width-initial elementor-widget elementor-widget-image\" data-id=\"fd629c6\" data-element_type=\"widget\" data-e-type=\"widget\" data-widget_type=\"image.default\">\n\t\t\t\t\t\t\t\t\t\t\t\t\t\t\t<img decoding=\"async\" width=\"1024\" height=\"1024\" src=\"https:\/\/suspicious-noether.45-82-121-115.plesk.page\/wp-content\/uploads\/2026\/03\/red_Community-blau-2048x2048-Kopie-1024x1024.png\" class=\"attachment-large size-large wp-image-22334\" alt=\"\" srcset=\"https:\/\/suspicious-noether.45-82-121-115.plesk.page\/wp-content\/uploads\/2026\/03\/red_Community-blau-2048x2048-Kopie-1024x1024.png 1024w, https:\/\/suspicious-noether.45-82-121-115.plesk.page\/wp-content\/uploads\/2026\/03\/red_Community-blau-2048x2048-Kopie-300x300.png 300w, https:\/\/suspicious-noether.45-82-121-115.plesk.page\/wp-content\/uploads\/2026\/03\/red_Community-blau-2048x2048-Kopie-150x150.png 150w, https:\/\/suspicious-noether.45-82-121-115.plesk.page\/wp-content\/uploads\/2026\/03\/red_Community-blau-2048x2048-Kopie-768x768.png 768w, https:\/\/suspicious-noether.45-82-121-115.plesk.page\/wp-content\/uploads\/2026\/03\/red_Community-blau-2048x2048-Kopie-1536x1536.png 1536w, https:\/\/suspicious-noether.45-82-121-115.plesk.page\/wp-content\/uploads\/2026\/03\/red_Community-blau-2048x2048-Kopie.png 2048w\" sizes=\"(max-width: 1024px) 100vw, 1024px\" \/>\t\t\t\t\t\t\t\t\t\t\t\t\t\t\t<\/div>\n\t\t<div class=\"elementor-element elementor-element-2c5ec85 e-con-full e-flex wpr-particle-no wpr-jarallax-no wpr-parallax-no wpr-sticky-section-no e-con e-child\" data-id=\"2c5ec85\" data-element_type=\"container\" data-e-type=\"container\">\n\t\t\t\t<div class=\"elementor-element elementor-element-c349824 elementor-widget elementor-widget-heading\" data-id=\"c349824\" data-element_type=\"widget\" data-e-type=\"widget\" data-widget_type=\"heading.default\">\n\t\t\t\t\t<h2 class=\"elementor-heading-title elementor-size-default\">Fachbeirat<\/h2>\t\t\t\t<\/div>\n\t\t\t\t<div class=\"elementor-element elementor-element-f081e26 elementor-widget elementor-widget-text-editor\" data-id=\"f081e26\" data-element_type=\"widget\" data-e-type=\"widget\" data-widget_type=\"text-editor.default\">\n\t\t\t\t\t\t\t\t\t<p>Hier erfahren Sie mehr \u00fcber Funktionen und Personen des Fachbeirats.<\/p>\t\t\t\t\t\t\t\t<\/div>\n\t\t\t\t<div class=\"elementor-element elementor-element-282018f elementor-align-center elementor-widget elementor-widget-button\" data-id=\"282018f\" data-element_type=\"widget\" data-e-type=\"widget\" data-widget_type=\"button.default\">\n\t\t\t\t\t\t\t\t\t\t<a class=\"elementor-button elementor-button-link elementor-size-sm\" href=\"#\">\n\t\t\t\t\t\t<span class=\"elementor-button-content-wrapper\">\n\t\t\t\t\t\t\t\t\t<span class=\"elementor-button-text\">Mehr erfahren<\/span>\n\t\t\t\t\t<\/span>\n\t\t\t\t\t<\/a>\n\t\t\t\t\t\t\t\t<\/div>\n\t\t\t\t<div class=\"elementor-element elementor-element-f247bc1 elementor-widget elementor-widget-spacer\" data-id=\"f247bc1\" data-element_type=\"widget\" data-e-type=\"widget\" data-widget_type=\"spacer.default\">\n\t\t\t\t\t\t\t<div class=\"elementor-spacer\">\n\t\t\t<div class=\"elementor-spacer-inner\"><\/div>\n\t\t<\/div>\n\t\t\t\t\t\t<\/div>\n\t\t\t\t<\/div>\n\t\t\t\t<\/div>\n\t\t\t\t<\/div>\n\t\t\t\t\t<\/div>\n\t\t\t\t<\/div>\n\t\t\t\t<\/div>\n\t\t","protected":false},"excerpt":{"rendered":"<p>Organe der Integrata Stiftung Stiftungsorganisation Wer macht Was bei der Stiftung? Satzungsgem\u00e4\u00df hat die Integrata-Stiftung drei Organe: das Kuratorium den Vorstand einen Fachbeirat Der Vorstand initiiert und beaufsichtigt die Projekte der Stiftung. Dabei wird er vom Fachbeirat beraten. Der Vorstand ernennt die Projektleiter, die Mitglied in den Organen sein k\u00f6nnen oder ehrenamtliche Mitarbeiter von au\u00dferhalb der Stiftung. \u00a0 Au\u00dferdem kommen noch hinzu: Human IT Service GmbH als Tochterfirma der Stiftung, die \u2013 juristisch getrennt \u2013 alle wirtschaftlichen Aufgaben ausf\u00fchrt, die die Stiftung nicht selbst macht. F\u00f6rderverein der Integrata-Stiftung e.V., der mit seiner Satzung den Zweck der F\u00f6rderung der Stiftung verfolgt. satzung herunterladen (.pdf) Vorstand\u200b Sie m\u00f6chten mehr \u00fcber Aufgaben und Personen des Stiftungsvorstands erfahren? Hier finden sie mehr Informationen. Mehr erfahren Kuratorium Lernen Sie die Mitglieder des Stiftungskuratoriums und deren Aufgaben genauer kennen. Mehr erfahren Fachbeirat Hier erfahren Sie mehr \u00fcber Funktionen und Personen des Fachbeirats. Mehr erfahren<\/p>\n","protected":false},"author":1,"featured_media":0,"parent":21966,"menu_order":0,"comment_status":"closed","ping_status":"closed","template":"","meta":{"footnotes":""},"class_list":["post-22590","page","type-page","status-publish","hentry"],"blocksy_meta":[],"_links":{"self":[{"href":"https:\/\/suspicious-noether.45-82-121-115.plesk.page\/index.php\/wp-json\/wp\/v2\/pages\/22590","targetHints":{"allow":["GET"]}}],"collection":[{"href":"https:\/\/suspicious-noether.45-82-121-115.plesk.page\/index.php\/wp-json\/wp\/v2\/pages"}],"about":[{"href":"https:\/\/suspicious-noether.45-82-121-115.plesk.page\/index.php\/wp-json\/wp\/v2\/types\/page"}],"author":[{"embeddable":true,"href":"https:\/\/suspicious-noether.45-82-121-115.plesk.page\/index.php\/wp-json\/wp\/v2\/users\/1"}],"replies":[{"embeddable":true,"href":"https:\/\/suspicious-noether.45-82-121-115.plesk.page\/index.php\/wp-json\/wp\/v2\/comments?post=22590"}],"version-history":[{"count":97,"href":"https:\/\/suspicious-noether.45-82-121-115.plesk.page\/index.php\/wp-json\/wp\/v2\/pages\/22590\/revisions"}],"predecessor-version":[{"id":22979,"href":"https:\/\/suspicious-noether.45-82-121-115.plesk.page\/index.php\/wp-json\/wp\/v2\/pages\/22590\/revisions\/22979"}],"up":[{"embeddable":true,"href":"https:\/\/suspicious-noether.45-82-121-115.plesk.page\/index.php\/wp-json\/wp\/v2\/pages\/21966"}],"wp:attachment":[{"href":"https:\/\/suspicious-noether.45-82-121-115.plesk.page\/index.php\/wp-json\/wp\/v2\/media?parent=22590"}],"curies":[{"name":"wp","href":"https:\/\/api.w.org\/{rel}","templated":true}]}}